{"id":752,"date":"2013-04-30T08:55:01","date_gmt":"2013-04-30T06:55:01","guid":{"rendered":"http:\/\/claudia-dzengel.com\/?page_id=752"},"modified":"2026-03-04T15:08:36","modified_gmt":"2026-03-04T14:08:36","slug":"schul-workshops","status":"publish","type":"page","link":"https:\/\/claudia-dzengel.com\/?page_id=752","title":{"rendered":"Schul-Workshops"},"content":{"rendered":"<p><a href=\"https:\/\/claudia-dzengel.com\/wp-content\/uploads\/VS-Viechtwang_Quadrat_web.jpg\"><img loading=\"lazy\" decoding=\"async\" class=\"alignleft  wp-image-4557\" title=\"VS-Viechtwang_Quadrat_web\" src=\"https:\/\/claudia-dzengel.com\/wp-content\/uploads\/VS-Viechtwang_Quadrat_web-150x150.jpg\" alt=\"\" width=\"170\" height=\"170\" srcset=\"https:\/\/claudia-dzengel.com\/wp-content\/uploads\/VS-Viechtwang_Quadrat_web-150x150.jpg 150w, https:\/\/claudia-dzengel.com\/wp-content\/uploads\/VS-Viechtwang_Quadrat_web-300x300.jpg 300w, https:\/\/claudia-dzengel.com\/wp-content\/uploads\/VS-Viechtwang_Quadrat_web.jpg 1000w\" sizes=\"auto, (max-width: 170px) 100vw, 170px\" \/><\/a><\/p>\n<p style=\"padding-left: 200px;\"><strong>Zahnb\u00fcrste, Rohrfeder oder Cola-Pen \u2013 schreiben kann man mit den <\/strong><strong>ungew\u00f6hlichsten Werkzeugen!<br \/>\n<\/strong><\/p>\n<p style=\"padding-left: 200px;\">Ab der 4. Schulstufe (von der Volksschule bis zum Gymnasium oder Berufsschule) biete ich alters-entsprechende Schul-Workshops an und Wiener Pflichtschulen k\u00f6nnen \u00fcber die <strong><a href=\"https:\/\/www.bildungschancen.wien\/angebote\/?tx_solr%5Bq%5D=schreiben\" target=\"_blank\" rel=\"noopener\">Wiener Bildungschancen<\/a> <\/strong>Kurse buchen.<br \/>\nAu\u00dferdem k\u00f6nnen Schul-Workshops f\u00fcr ganz \u00d6sterreich \u00fcber die <a href=\"https:\/\/oead.at\/de\/schule\/kulturvermittlung-mit-schulen\/ausschreibungen\/kulturbildung\" target=\"_blank\" rel=\"noopener\"><strong>Initiative<\/strong> <strong>&#8222;Kultur:Bildung&#8220;<\/strong><\/a> vom OEAD gef\u00f6rdert werden.<\/p>\n<p style=\"padding-left: 200px;\">Auch in Deutschland und der Schweiz habe ich mit Sch\u00fcler*innen gearbeitet. Mehrmals habe ich an der Veranstaltung <em>Literatur aus erster Hand<\/em> im Kanton Z\u00fcrich teilgenommen.<\/p>\n<p>F\u00fcr <strong><em>Pelikan<\/em><\/strong> habe ich 2024 f\u00fcr den Sch\u00f6nschreibf\u00fcller <em>Twist Calligraphy<\/em> Alphabete und Musterkarten entwickelt. <strong>Die Vorlagen zum Downloaden und ein Video dazu findest du <a href=\"https:\/\/www.pelikan.com\/de\/diy.html\" target=\"_blank\" rel=\"noopener\">hier&#8230;<\/a><\/strong><\/p>\n<p><a href=\"https:\/\/claudia-dzengel.com\/wp-content\/uploads\/happybirthday_quadrat_web.jpg\"><img loading=\"lazy\" decoding=\"async\" class=\"alignleft wp-image-4951 size-medium\" title=\"IMG_7224_web\" src=\"https:\/\/claudia-dzengel.com\/wp-content\/uploads\/happybirthday_quadrat_web-300x300.jpg\" alt=\"\" width=\"300\" height=\"300\" srcset=\"https:\/\/claudia-dzengel.com\/wp-content\/uploads\/happybirthday_quadrat_web-300x300.jpg 300w, https:\/\/claudia-dzengel.com\/wp-content\/uploads\/happybirthday_quadrat_web-1024x1024.jpg 1024w, https:\/\/claudia-dzengel.com\/wp-content\/uploads\/happybirthday_quadrat_web-150x150.jpg 150w, https:\/\/claudia-dzengel.com\/wp-content\/uploads\/happybirthday_quadrat_web-768x768.jpg 768w, https:\/\/claudia-dzengel.com\/wp-content\/uploads\/happybirthday_quadrat_web.jpg 1076w\" sizes=\"auto, (max-width: 300px) 100vw, 300px\" \/><\/a><br \/>\n<a href=\"https:\/\/claudia-dzengel.com\/wp-content\/uploads\/Klappkarte_A5_TwistCalligraphy_Bleistift_Patronen_web.jpg\"><img loading=\"lazy\" decoding=\"async\" class=\"alignleft wp-image-4949 size-medium\" title=\"IMG_7250_web\" src=\"https:\/\/claudia-dzengel.com\/wp-content\/uploads\/Klappkarte_A5_TwistCalligraphy_Bleistift_Patronen_web-300x208.jpg\" alt=\"\" width=\"300\" height=\"208\" srcset=\"https:\/\/claudia-dzengel.com\/wp-content\/uploads\/Klappkarte_A5_TwistCalligraphy_Bleistift_Patronen_web-300x208.jpg 300w, https:\/\/claudia-dzengel.com\/wp-content\/uploads\/Klappkarte_A5_TwistCalligraphy_Bleistift_Patronen_web-1024x711.jpg 1024w, https:\/\/claudia-dzengel.com\/wp-content\/uploads\/Klappkarte_A5_TwistCalligraphy_Bleistift_Patronen_web-768x533.jpg 768w, https:\/\/claudia-dzengel.com\/wp-content\/uploads\/Klappkarte_A5_TwistCalligraphy_Bleistift_Patronen_web-1536x1066.jpg 1536w, https:\/\/claudia-dzengel.com\/wp-content\/uploads\/Klappkarte_A5_TwistCalligraphy_Bleistift_Patronen_web.jpg 1556w\" sizes=\"auto, (max-width: 300px) 100vw, 300px\" \/><\/a><br \/>\n<a href=\"https:\/\/claudia-dzengel.com\/wp-content\/uploads\/IMG_7247_web.jpg\"><img loading=\"lazy\" decoding=\"async\" class=\"alignleft size-medium wp-image-3341\" title=\"IMG_7247_web\" src=\"https:\/\/claudia-dzengel.com\/wp-content\/uploads\/IMG_7247_web-300x300.jpg\" alt=\"\" width=\"300\" height=\"300\" srcset=\"https:\/\/claudia-dzengel.com\/wp-content\/uploads\/IMG_7247_web-300x300.jpg 300w, https:\/\/claudia-dzengel.com\/wp-content\/uploads\/IMG_7247_web-150x150.jpg 150w, https:\/\/claudia-dzengel.com\/wp-content\/uploads\/IMG_7247_web.jpg 1000w\" sizes=\"auto, (max-width: 300px) 100vw, 300px\" \/><\/a><br \/>\n<a href=\"https:\/\/claudia-dzengel.com\/wp-content\/uploads\/NMS-Augarten_7074_290.jpg\"><img loading=\"lazy\" decoding=\"async\" class=\"alignleft size-full wp-image-3338\" title=\"NMS-Augarten_7074_290\" src=\"https:\/\/claudia-dzengel.com\/wp-content\/uploads\/NMS-Augarten_7074_290.jpg\" alt=\"\" width=\"290\" height=\"290\" srcset=\"https:\/\/claudia-dzengel.com\/wp-content\/uploads\/NMS-Augarten_7074_290.jpg 290w, https:\/\/claudia-dzengel.com\/wp-content\/uploads\/NMS-Augarten_7074_290-150x150.jpg 150w\" sizes=\"auto, (max-width: 290px) 100vw, 290px\" \/><\/a><br \/>\n<a href=\"https:\/\/claudia-dzengel.com\/wp-content\/uploads\/NMS-Augarten_7067_290.jpg\"><img loading=\"lazy\" decoding=\"async\" class=\"alignleft size-full wp-image-3339\" title=\"NMS-Augarten_7067_290\" src=\"https:\/\/claudia-dzengel.com\/wp-content\/uploads\/NMS-Augarten_7067_290.jpg\" alt=\"\" width=\"290\" height=\"278\" \/><\/a><br \/>\n<a href=\"https:\/\/claudia-dzengel.com\/wp-content\/uploads\/NMS-Augarten_7082_290.jpg\"><img loading=\"lazy\" decoding=\"async\" class=\"alignleft size-full wp-image-3337\" title=\"NMS-Augarten_7082_290\" src=\"https:\/\/claudia-dzengel.com\/wp-content\/uploads\/NMS-Augarten_7082_290.jpg\" alt=\"\" width=\"290\" height=\"189\" \/><\/a><\/p>\n<p style=\"padding-left: 200px;\"><a href=\"https:\/\/claudia-dzengel.com\/wp-content\/uploads\/Schul_WS-Winterthur-01_Web.jpg\"><img loading=\"lazy\" decoding=\"async\" class=\"alignleft size-medium wp-image-1636\" title=\"Schul_WS Winterthur 01_Web\" src=\"https:\/\/claudia-dzengel.com\/wp-content\/uploads\/Schul_WS-Winterthur-01_Web-205x300.jpg\" alt=\"\" width=\"205\" height=\"300\" srcset=\"https:\/\/claudia-dzengel.com\/wp-content\/uploads\/Schul_WS-Winterthur-01_Web-205x300.jpg 205w, https:\/\/claudia-dzengel.com\/wp-content\/uploads\/Schul_WS-Winterthur-01_Web.jpg 500w\" sizes=\"auto, (max-width: 205px) 100vw, 205px\" \/><\/a><\/p>\n<p style=\"padding-left: 200px;\"><a href=\"https:\/\/claudia-dzengel.com\/wp-content\/uploads\/Schul_WS-Winterthur-04_Web.jpg\"><img loading=\"lazy\" decoding=\"async\" class=\"alignleft size-medium wp-image-1640\" title=\"Schul_WS Winterthur 04_Web\" src=\"https:\/\/claudia-dzengel.com\/wp-content\/uploads\/Schul_WS-Winterthur-04_Web-221x300.jpg\" alt=\"\" width=\"221\" height=\"300\" srcset=\"https:\/\/claudia-dzengel.com\/wp-content\/uploads\/Schul_WS-Winterthur-04_Web-221x300.jpg 221w, https:\/\/claudia-dzengel.com\/wp-content\/uploads\/Schul_WS-Winterthur-04_Web.jpg 500w\" sizes=\"auto, (max-width: 221px) 100vw, 221px\" \/><\/a><\/p>\n<p style=\"padding-left: 200px;\"><a href=\"https:\/\/claudia-dzengel.com\/wp-content\/uploads\/Schul_WS-Winterthur-05_Web.jpg\"><img loading=\"lazy\" decoding=\"async\" class=\"alignleft size-medium wp-image-1641\" title=\"Schul_WS Winterthur 05_Web\" src=\"https:\/\/claudia-dzengel.com\/wp-content\/uploads\/Schul_WS-Winterthur-05_Web-228x300.jpg\" alt=\"\" width=\"228\" height=\"300\" srcset=\"https:\/\/claudia-dzengel.com\/wp-content\/uploads\/Schul_WS-Winterthur-05_Web-228x300.jpg 228w, https:\/\/claudia-dzengel.com\/wp-content\/uploads\/Schul_WS-Winterthur-05_Web.jpg 500w\" sizes=\"auto, (max-width: 228px) 100vw, 228px\" \/><\/a><\/p>\n<p style=\"padding-left: 200px;\"><a href=\"https:\/\/claudia-dzengel.com\/wp-content\/uploads\/Schul_WS-Winterthur-03_Web.jpg\"><img loading=\"lazy\" decoding=\"async\" class=\"alignleft size-medium wp-image-1642\" title=\"Schul_WS Winterthur 03_Web\" src=\"https:\/\/claudia-dzengel.com\/wp-content\/uploads\/Schul_WS-Winterthur-03_Web-300x297.jpg\" alt=\"\" width=\"300\" height=\"297\" srcset=\"https:\/\/claudia-dzengel.com\/wp-content\/uploads\/Schul_WS-Winterthur-03_Web-300x297.jpg 300w, https:\/\/claudia-dzengel.com\/wp-content\/uploads\/Schul_WS-Winterthur-03_Web-150x150.jpg 150w, https:\/\/claudia-dzengel.com\/wp-content\/uploads\/Schul_WS-Winterthur-03_Web.jpg 500w\" sizes=\"auto, (max-width: 300px) 100vw, 300px\" \/><\/a><\/p>\n<p style=\"padding-left: 200px;\"><img loading=\"lazy\" decoding=\"async\" class=\"alignleft size-medium wp-image-757\" title=\"Demontration, Schreiben ohne Buchstaben\" src=\"https:\/\/claudia-dzengel.com\/wp-content\/uploads\/1030557_Web-300x217.jpg\" alt=\"\" width=\"300\" height=\"217\" srcset=\"https:\/\/claudia-dzengel.com\/wp-content\/uploads\/1030557_Web-300x217.jpg 300w, https:\/\/claudia-dzengel.com\/wp-content\/uploads\/1030557_Web.jpg 510w\" sizes=\"auto, (max-width: 300px) 100vw, 300px\" \/><\/p>\n<p style=\"padding-left: 200px;\"><img loading=\"lazy\" decoding=\"async\" class=\"alignleft size-medium wp-image-759\" title=\"Ainoah, rhythmische Kalligrafie\" src=\"https:\/\/claudia-dzengel.com\/wp-content\/uploads\/1030789_Web-217x300.jpg\" alt=\"\" width=\"217\" height=\"300\" srcset=\"https:\/\/claudia-dzengel.com\/wp-content\/uploads\/1030789_Web-217x300.jpg 217w, https:\/\/claudia-dzengel.com\/wp-content\/uploads\/1030789_Web.jpg 369w\" sizes=\"auto, (max-width: 217px) 100vw, 217px\" \/><br \/>\n<img loading=\"lazy\" decoding=\"async\" class=\"alignleft size-medium wp-image-760\" title=\"Ida, rhythmische Kalligrafie\" src=\"https:\/\/claudia-dzengel.com\/wp-content\/uploads\/1030908_Ida_Web-217x300.jpg\" alt=\"\" width=\"217\" height=\"300\" srcset=\"https:\/\/claudia-dzengel.com\/wp-content\/uploads\/1030908_Ida_Web-217x300.jpg 217w, https:\/\/claudia-dzengel.com\/wp-content\/uploads\/1030908_Ida_Web.jpg 369w\" sizes=\"auto, (max-width: 217px) 100vw, 217px\" \/><img loading=\"lazy\" decoding=\"async\" class=\"alignleft size-medium wp-image-769\" title=\"Susanna, rhythmische Kalligrafie\" src=\"https:\/\/claudia-dzengel.com\/wp-content\/uploads\/1030698_Susanna_Web-217x300.jpg\" alt=\"\" width=\"217\" height=\"300\" srcset=\"https:\/\/claudia-dzengel.com\/wp-content\/uploads\/1030698_Susanna_Web-217x300.jpg 217w, https:\/\/claudia-dzengel.com\/wp-content\/uploads\/1030698_Susanna_Web.jpg 369w\" sizes=\"auto, (max-width: 217px) 100vw, 217px\" \/><img loading=\"lazy\" decoding=\"async\" class=\"alignleft size-medium wp-image-766\" title=\"Oskar, rhythmische Kalligrafie\" src=\"https:\/\/claudia-dzengel.com\/wp-content\/uploads\/1030681_Oskar_Web-217x300.jpg\" alt=\"\" width=\"217\" height=\"300\" srcset=\"https:\/\/claudia-dzengel.com\/wp-content\/uploads\/1030681_Oskar_Web-217x300.jpg 217w, https:\/\/claudia-dzengel.com\/wp-content\/uploads\/1030681_Oskar_Web.jpg 369w\" sizes=\"auto, (max-width: 217px) 100vw, 217px\" \/><img loading=\"lazy\" decoding=\"async\" class=\"alignleft size-medium wp-image-767\" title=\"\u00dcmran, rhythmische Kalligrafie\" src=\"https:\/\/claudia-dzengel.com\/wp-content\/uploads\/1030854_Web1-217x300.jpg\" alt=\"\" width=\"217\" height=\"300\" srcset=\"https:\/\/claudia-dzengel.com\/wp-content\/uploads\/1030854_Web1-217x300.jpg 217w, https:\/\/claudia-dzengel.com\/wp-content\/uploads\/1030854_Web1.jpg 369w\" sizes=\"auto, (max-width: 217px) 100vw, 217px\" \/><img loading=\"lazy\" decoding=\"async\" class=\"alignleft size-medium wp-image-768\" title=\"Adinah, rhythmische Kalligrafie\" src=\"https:\/\/claudia-dzengel.com\/wp-content\/uploads\/1030613_Adinah_Web-217x300.jpg\" alt=\"\" width=\"217\" height=\"300\" srcset=\"https:\/\/claudia-dzengel.com\/wp-content\/uploads\/1030613_Adinah_Web-217x300.jpg 217w, https:\/\/claudia-dzengel.com\/wp-content\/uploads\/1030613_Adinah_Web.jpg 369w\" sizes=\"auto, (max-width: 217px) 100vw, 217px\" \/><img loading=\"lazy\" decoding=\"async\" class=\"alignleft size-thumbnail wp-image-785\" title=\"Lino, rhythmische Kalligrafie\" src=\"https:\/\/claudia-dzengel.com\/wp-content\/uploads\/1030631_Lino_Web-217x300.jpg\" alt=\"\" width=\"217\" height=\"300\" srcset=\"https:\/\/claudia-dzengel.com\/wp-content\/uploads\/1030631_Lino_Web-217x300.jpg 217w, https:\/\/claudia-dzengel.com\/wp-content\/uploads\/1030631_Lino_Web.jpg 369w\" sizes=\"auto, (max-width: 217px) 100vw, 217px\" \/><img loading=\"lazy\" decoding=\"async\" class=\"alignleft size-medium wp-image-774\" title=\"Demonstration, rhythmische Kalligrafie\" src=\"https:\/\/claudia-dzengel.com\/wp-content\/uploads\/1030728_Web-217x300.jpg\" alt=\"\" width=\"217\" height=\"300\" srcset=\"https:\/\/claudia-dzengel.com\/wp-content\/uploads\/1030728_Web-217x300.jpg 217w, https:\/\/claudia-dzengel.com\/wp-content\/uploads\/1030728_Web.jpg 369w\" sizes=\"auto, (max-width: 217px) 100vw, 217px\" \/><\/p>\n","protected":false},"excerpt":{"rendered":"<p>Zahnb\u00fcrste, Rohrfeder oder Cola-Pen \u2013 schreiben kann man mit den ungew\u00f6hlichsten Werkzeugen! Ab der 4. Schulstufe (von der Volksschule bis zum Gymnasium oder Berufsschule) biete ich alters-entsprechende Schul-Workshops an und Wiener Pflichtschulen k\u00f6nnen \u00fcber die Wiener Bildungschancen Kurse buchen. Au\u00dferdem&#8230;<\/p>\n","protected":false},"author":1,"featured_media":0,"parent":0,"menu_order":3,"comment_status":"closed","ping_status":"closed","template":"","meta":{"footnotes":""},"class_list":["post-752","page","type-page","status-publish","hentry"],"_links":{"self":[{"href":"https:\/\/claudia-dzengel.com\/index.php?rest_route=\/wp\/v2\/pages\/752","targetHints":{"allow":["GET"]}}],"collection":[{"href":"https:\/\/claudia-dzengel.com\/index.php?rest_route=\/wp\/v2\/pages"}],"about":[{"href":"https:\/\/claudia-dzengel.com\/index.php?rest_route=\/wp\/v2\/types\/page"}],"author":[{"embeddable":true,"href":"https:\/\/claudia-dzengel.com\/index.php?rest_route=\/wp\/v2\/users\/1"}],"replies":[{"embeddable":true,"href":"https:\/\/claudia-dzengel.com\/index.php?rest_route=%2Fwp%2Fv2%2Fcomments&post=752"}],"version-history":[{"count":74,"href":"https:\/\/claudia-dzengel.com\/index.php?rest_route=\/wp\/v2\/pages\/752\/revisions"}],"predecessor-version":[{"id":4953,"href":"https:\/\/claudia-dzengel.com\/index.php?rest_route=\/wp\/v2\/pages\/752\/revisions\/4953"}],"wp:attachment":[{"href":"https:\/\/claudia-dzengel.com\/index.php?rest_route=%2Fwp%2Fv2%2Fmedia&parent=752"}],"curies":[{"name":"wp","href":"https:\/\/api.w.org\/{rel}","templated":true}]}}