{"id":2,"date":"2012-07-31T19:34:25","date_gmt":"2012-07-31T19:34:25","guid":{"rendered":"http:\/\/claudia-dzengel.com\/?page_id=2"},"modified":"2025-12-20T21:59:01","modified_gmt":"2025-12-20T20:59:01","slug":"beispiel-seite","status":"publish","type":"page","link":"https:\/\/claudia-dzengel.com\/","title":{"rendered":"Home"},"content":{"rendered":"<p><a href=\"https:\/\/claudia-dzengel.com\/wp-content\/uploads\/Schreiben-mit-Gaensekiel_Atelier_01_web.jpg\"><img loading=\"lazy\" decoding=\"async\" class=\"alignleft wp-image-4870\" title=\"Meschede_25.06.18_0017_web\" src=\"https:\/\/claudia-dzengel.com\/wp-content\/uploads\/Schreiben-mit-Gaensekiel_Atelier_01_web-150x150.jpg\" alt=\"\" width=\"170\" height=\"170\" srcset=\"https:\/\/claudia-dzengel.com\/wp-content\/uploads\/Schreiben-mit-Gaensekiel_Atelier_01_web-150x150.jpg 150w, https:\/\/claudia-dzengel.com\/wp-content\/uploads\/Schreiben-mit-Gaensekiel_Atelier_01_web-300x300.jpg 300w, https:\/\/claudia-dzengel.com\/wp-content\/uploads\/Schreiben-mit-Gaensekiel_Atelier_01_web-768x768.jpg 768w, https:\/\/claudia-dzengel.com\/wp-content\/uploads\/Schreiben-mit-Gaensekiel_Atelier_01_web.jpg 1000w\" sizes=\"auto, (max-width: 170px) 100vw, 170px\" \/><\/a><\/p>\n<p class=\"p1\" style=\"padding-left: 80px;\">\u00a0 \u00a0 Warum mit der Hand schreiben ?<\/p>\n<p style=\"padding-left: 200px;\">Schreiben ist mehr als nur Worte auf\u2018s Papier bringen.<br \/>\nFlie\u00dfende Fingerbewegungen aktivieren verschiedene Regionen im Gehirn, erfordern tieferes Nachdenken und f\u00f6rdern die gesamte pers\u00f6nliche Entwicklung. Dies gilt f\u00fcr Kinder ebenso wie f\u00fcr Erwachsene.<\/p>\n<p style=\"padding-left: 200px;\">Ich biete Workshops und Seminare zum Thema kalligrafisches Schreiben und zur Handschrift an. Dabei geht es nicht um das Kopieren und Sch\u00f6nschreiben im historischen Sinn, sondern um Ausdruck und Pers\u00f6nlichkeit im Schriftbild, ganz nach dem Gedanken von Wassily Kandinsky:<\/p>\n<p style=\"padding-left: 200px;\"><em>&#8222;Buchstaben sind praktische und n\u00fctzliche Zeichen, aber ebenso reine Form und innere Melodie.&#8220;<\/em><\/p>\n<p style=\"padding-left: 200px;\">Neben dem Unterrichten besch\u00e4ftige ich mich auch mit freier, experimenteller Kalligrafie und Schrift im Raum. Meine Aufgabengebiete reichen von der Gestaltung individueller Auftragsarbeiten (auf Papier oder direkt an der Wand) \u00fcber Live- und Event-Kalligrafie bis hin zur Ausstellungsgestaltung.<\/p>\n<p><a href=\"https:\/\/claudia-dzengel.com\/wp-content\/uploads\/Falconari-Graz_Event-Calligraphy_01_web.jpg\"><img loading=\"lazy\" decoding=\"async\" class=\"alignleft wp-image-4866 size-medium\" title=\"Meschede_25.06.18_0017_web\" src=\"https:\/\/claudia-dzengel.com\/wp-content\/uploads\/Falconari-Graz_Event-Calligraphy_01_web-225x300.jpg\" alt=\"\" width=\"225\" height=\"300\" srcset=\"https:\/\/claudia-dzengel.com\/wp-content\/uploads\/Falconari-Graz_Event-Calligraphy_01_web-225x300.jpg 225w, https:\/\/claudia-dzengel.com\/wp-content\/uploads\/Falconari-Graz_Event-Calligraphy_01_web-768x1024.jpg 768w, https:\/\/claudia-dzengel.com\/wp-content\/uploads\/Falconari-Graz_Event-Calligraphy_01_web.jpg 1000w\" sizes=\"auto, (max-width: 225px) 100vw, 225px\" \/><\/a><\/p>\n<p><a href=\"https:\/\/claudia-dzengel.com\/wp-content\/uploads\/Louis-Vuitton_Kacheln_03_web.jpg\"><img loading=\"lazy\" decoding=\"async\" class=\"alignleft wp-image-4868 size-medium\" title=\"Meschede_25.06.18_0017_web\" src=\"https:\/\/claudia-dzengel.com\/wp-content\/uploads\/Louis-Vuitton_Kacheln_03_web-300x300.jpg\" alt=\"\" width=\"300\" height=\"300\" srcset=\"https:\/\/claudia-dzengel.com\/wp-content\/uploads\/Louis-Vuitton_Kacheln_03_web-300x300.jpg 300w, https:\/\/claudia-dzengel.com\/wp-content\/uploads\/Louis-Vuitton_Kacheln_03_web-150x150.jpg 150w, https:\/\/claudia-dzengel.com\/wp-content\/uploads\/Louis-Vuitton_Kacheln_03_web-768x768.jpg 768w, https:\/\/claudia-dzengel.com\/wp-content\/uploads\/Louis-Vuitton_Kacheln_03_web.jpg 1000w\" sizes=\"auto, (max-width: 300px) 100vw, 300px\" \/><\/a><\/p>\n","protected":false},"excerpt":{"rendered":"<p>\u00a0 \u00a0 Warum mit der Hand schreiben ? Schreiben ist mehr als nur Worte auf\u2018s Papier bringen. Flie\u00dfende Fingerbewegungen aktivieren verschiedene Regionen im Gehirn, erfordern tieferes Nachdenken und f\u00f6rdern die gesamte pers\u00f6nliche Entwicklung. Dies gilt f\u00fcr Kinder ebenso wie f\u00fcr&#8230;<\/p>\n","protected":false},"author":1,"featured_media":0,"parent":0,"menu_order":1,"comment_status":"open","ping_status":"closed","template":"","meta":{"footnotes":""},"class_list":["post-2","page","type-page","status-publish","hentry"],"_links":{"self":[{"href":"https:\/\/claudia-dzengel.com\/index.php?rest_route=\/wp\/v2\/pages\/2","targetHints":{"allow":["GET"]}}],"collection":[{"href":"https:\/\/claudia-dzengel.com\/index.php?rest_route=\/wp\/v2\/pages"}],"about":[{"href":"https:\/\/claudia-dzengel.com\/index.php?rest_route=\/wp\/v2\/types\/page"}],"author":[{"embeddable":true,"href":"https:\/\/claudia-dzengel.com\/index.php?rest_route=\/wp\/v2\/users\/1"}],"replies":[{"embeddable":true,"href":"https:\/\/claudia-dzengel.com\/index.php?rest_route=%2Fwp%2Fv2%2Fcomments&post=2"}],"version-history":[{"count":117,"href":"https:\/\/claudia-dzengel.com\/index.php?rest_route=\/wp\/v2\/pages\/2\/revisions"}],"predecessor-version":[{"id":4902,"href":"https:\/\/claudia-dzengel.com\/index.php?rest_route=\/wp\/v2\/pages\/2\/revisions\/4902"}],"wp:attachment":[{"href":"https:\/\/claudia-dzengel.com\/index.php?rest_route=%2Fwp%2Fv2%2Fmedia&parent=2"}],"curies":[{"name":"wp","href":"https:\/\/api.w.org\/{rel}","templated":true}]}}